{"id":1963,"date":"2020-04-06T14:10:49","date_gmt":"2020-04-06T12:10:49","guid":{"rendered":"http:\/\/www.capoxproject.org\/?page_id=1963"},"modified":"2022-04-13T14:48:25","modified_gmt":"2022-04-13T12:48:25","slug":"contacto","status":"publish","type":"page","link":"https:\/\/www.capoxproject.org\/index.php\/contacto\/","title":{"rendered":"CONTACTO"},"content":{"rendered":"<div data-colibri-id=\"1963-c1\" class=\"style-259 style-local-1963-c1 position-relative\">\n  <!---->\n  <div data-colibri-component=\"section\" data-colibri-id=\"1963-c2\" id=\"custom\" class=\"h-section h-section-global-spacing d-flex align-items-lg-center align-items-md-center align-items-center style-260 style-local-1963-c2 position-relative\">\n    <!---->\n    <!---->\n    <div class=\"h-section-grid-container h-section-boxed-container\">\n      <!---->\n      <div data-colibri-id=\"1963-c3\" class=\"h-row-container gutters-row-lg-2 gutters-row-md-2 gutters-row-0 gutters-row-v-lg-2 gutters-row-v-md-2 gutters-row-v-2 style-261 style-local-1963-c3 position-relative\">\n        <!---->\n        <div class=\"h-row justify-content-lg-center justify-content-md-center justify-content-center align-items-lg-stretch align-items-md-stretch align-items-stretch gutters-col-lg-2 gutters-col-md-2 gutters-col-0 gutters-col-v-lg-2 gutters-col-v-md-2 gutters-col-v-2\">\n          <!---->\n          <div class=\"h-column h-column-container d-flex h-col-lg-auto h-col-md-auto h-col-auto style-262-outer style-local-1963-c4-outer\">\n            <div data-colibri-id=\"1963-c4\" class=\"d-flex h-flex-basis h-column__inner h-px-lg-2 h-px-md-2 h-px-2 v-inner-lg-2 v-inner-md-2 v-inner-2 style-262 style-local-1963-c4 position-relative\">\n              <!---->\n              <!---->\n              <div class=\"w-100 h-y-container h-column__content h-column__v-align flex-basis-100 align-self-lg-start align-self-md-start align-self-start\">\n                <!---->\n                <div data-colibri-id=\"1963-c5\" class=\"h-icon style-266 style-local-1963-c5 position-relative h-element\">\n                  <!----><span class=\"h-svg-icon h-icon__icon style-266-icon style-local-1963-c5-icon\"><!--Icon by Icons8 Line Awesome (https:\/\/icons8.com\/line-awesome)--><svg version=\"1.1\" xmlns=\"http:\/\/www.w3.org\/2000\/svg\" xmlns:xlink=\"http:\/\/www.w3.org\/1999\/xlink\" id=\"home\" viewBox=\"0 0 512 545.5\"><path d=\"M256 73.5l11.5 11 208 208-23 23L432 295v185H288V320h-64v160H80V295l-20.5 20.5-23-23 208-208zm0 45.5L112 263v185h80V288h128v160h80V263z\"><\/path><\/svg><\/span><\/div>\n                <div\n                  data-colibri-id=\"1963-c6\" class=\"h-global-transition-all h-heading style-274 style-local-1963-c6 position-relative h-element\">\n                  <!---->\n                  <div class=\"h-heading__outer style-274 style-local-1963-c6\">\n                    <!---->\n                    <!---->\n                    <h4 class=\"\">VIS\u00cdTANOS<\/h4>\n                  <\/div>\n              <\/div>\n              <div data-colibri-id=\"1963-c7\" class=\"h-text h-text-component style-277 style-local-1963-c7 position-relative h-element\">\n                <!---->\n                <!---->\n                <div class=\"\">\n                  <p>CEAM: Parque Tecnol\u00f3gico (c\/ Charles R. Darwing, 14 (46980) Patena, Valencia (Spain))<\/p>\n                <\/div>\n              <\/div>\n            <\/div>\n          <\/div>\n        <\/div>\n        <div class=\"h-column h-column-container d-flex h-col-lg-auto h-col-md-auto h-col-auto style-263-outer style-local-1963-c8-outer\">\n          <div data-colibri-id=\"1963-c8\" class=\"d-flex h-flex-basis h-column__inner h-px-lg-2 h-px-md-2 h-px-2 v-inner-lg-2 v-inner-md-2 v-inner-2 style-263 style-local-1963-c8 position-relative\">\n            <!---->\n            <!---->\n            <div class=\"w-100 h-y-container h-column__content h-column__v-align flex-basis-100 align-self-lg-start align-self-md-start align-self-start\">\n              <!---->\n              <div data-colibri-id=\"1963-c9\" class=\"h-icon style-268 style-local-1963-c9 position-relative h-element\">\n                <!----><span class=\"h-svg-icon h-icon__icon style-268-icon style-local-1963-c9-icon\"><!--Icon by Icons8 Line Awesome (https:\/\/icons8.com\/line-awesome)--><svg version=\"1.1\" xmlns=\"http:\/\/www.w3.org\/2000\/svg\" xmlns:xlink=\"http:\/\/www.w3.org\/1999\/xlink\" id=\"phone-square\" viewBox=\"0 0 512 545.5\"><path d=\"M138.5 80c8.375 0 16.656 3.024 23.5 8.5l1 .5.5.5 64 66 1.5 1.5-.5.5c14.174 13.212 13.968 35.53.5 49l-32 32c4.92 11.277 18.33 40.02 44.5 65 26.358 25.16 53.932 39.467 65.5 45l31.5-31.5.5-.5c13.28-13.28 36.72-13.28 50 0l.5 1 65 65c13.28 13.28 13.28 36.22 0 49.5L405 481.5l-.5.5-.5.5c-15.01 12.867-36.04 17.486-55.5 11h-.5c-37.55-14.693-113.51-48.01-181.5-116C98.773 309.773 64.052 234.84 50.5 196c-.035-.1.034-.4 0-.5-6.703-18.434-1.915-39.738 13.5-54l-.5-.5 50-51.5.5-.5 1-.5c6.844-5.476 15.125-8.5 23.5-8.5zm0 32c-1.172 0-2.344.575-3.5 1.5L86.5 163l-.5.5-.5.5c-5.674 4.863-7.44 14.493-5 21 12.12 34.847 45.2 106.7 108.5 170 62.784 62.784 133.224 93.76 169.5 108 9.34 3.113 17.11 1.833 24.5-4.5l49-49c2.72-2.72 2.72-1.78 0-4.5l-65.5-65.5c-2.72-2.72-2.28-2.72-5 0l-40 40-7.5 7.5-10-4.5s-43.83-18.552-81-52.5l-3.5-3c-38.595-36.84-57-86-57-86l-3.5-10 7.5-7 40-40c1.966-1.966.874-3.6 1-3.5l-.5-.5-1-1-64-65.5c-1.156-.925-2.328-1.5-3.5-1.5z\"><\/path><\/svg><\/span><\/div>\n              <div\n                data-colibri-id=\"1963-c10\" class=\"h-global-transition-all h-heading style-275 style-local-1963-c10 position-relative h-element\">\n                <!---->\n                <div class=\"h-heading__outer style-275 style-local-1963-c10\">\n                  <!---->\n                  <!---->\n                  <h4 class=\"\">LL\u00c1MANOS<\/h4>\n                <\/div>\n            <\/div>\n            <div data-colibri-id=\"1963-c11\" class=\"h-text h-text-component style-278 style-local-1963-c11 position-relative h-element\">\n              <!---->\n              <!---->\n              <div class=\"\">\n                <p>+34 609 644 051<\/p>\n              <\/div>\n            <\/div>\n          <\/div>\n        <\/div>\n      <\/div>\n      <div class=\"h-column h-column-container d-flex h-col-lg-auto h-col-md-auto h-col-auto style-264-outer style-local-1963-c12-outer\">\n        <div data-colibri-id=\"1963-c12\" class=\"d-flex h-flex-basis h-column__inner h-px-lg-2 h-px-md-2 h-px-2 v-inner-lg-2 v-inner-md-2 v-inner-2 style-264 style-local-1963-c12 position-relative\">\n          <!---->\n          <!---->\n          <div class=\"w-100 h-y-container h-column__content h-column__v-align flex-basis-100 align-self-lg-start align-self-md-start align-self-start\">\n            <!---->\n            <div data-colibri-id=\"1963-c13\" class=\"h-icon style-270 style-local-1963-c13 position-relative h-element\">\n              <!----><span class=\"h-svg-icon h-icon__icon style-270-icon style-local-1963-c13-icon\"><!--Icon by Font Awesome (https:\/\/fontawesome.com)--><svg version=\"1.1\" xmlns=\"http:\/\/www.w3.org\/2000\/svg\" xmlns:xlink=\"http:\/\/www.w3.org\/1999\/xlink\" id=\"envelope-o\" viewBox=\"0 0 1792 1896.0833\"><path d=\"M1664 1504V736q-32 36-69 66-268 206-426 338-51 43-83 67t-86.5 48.5T897 1280h-2q-48 0-102.5-24.5T706 1207t-83-67q-158-132-426-338-37-30-69-66v768q0 13 9.5 22.5t22.5 9.5h1472q13 0 22.5-9.5t9.5-22.5zm0-1051v-24.5l-.5-13-3-12.5-5.5-9-9-7.5-14-2.5H160q-13 0-22.5 9.5T128 416q0 168 147 284 193 152 401 317 6 5 35 29.5t46 37.5 44.5 31.5T852 1143t43 9h2q20 0 43-9t50.5-27.5 44.5-31.5 46-37.5 35-29.5q208-165 401-317 54-43 100.5-115.5T1664 453zm128-37v1088q0 66-47 113t-113 47H160q-66 0-113-47T0 1504V416q0-66 47-113t113-47h1472q66 0 113 47t47 113z\"><\/path><\/svg><\/span><\/div>\n            <div\n              data-colibri-id=\"1963-c14\" class=\"h-global-transition-all h-heading style-276 style-local-1963-c14 position-relative h-element\">\n              <!---->\n              <div class=\"h-heading__outer style-276 style-local-1963-c14\">\n                <!---->\n                <!---->\n                <h4 class=\"\">ESCR\u00cdBENOS<\/h4>\n              <\/div>\n          <\/div>\n          <div data-colibri-id=\"1963-c15\" class=\"h-text h-text-component style-279 style-local-1963-c15 position-relative h-element\">\n            <!---->\n            <!---->\n            <div class=\"\">\n              <p>SP1 Coordinador: Amalia Mu\u00f1oz (amalia@ceam.es)<\/p>\n              <p>SP2 Coordinador: Rafael Borge (rafael.borge@upm.es)<\/p>\n            <\/div>\n          <\/div>\n        <\/div>\n      <\/div>\n    <\/div>\n  <\/div>\n<\/div>\n<\/div>\n<\/div>\n<div data-colibri-component=\"section\" data-colibri-id=\"1963-c16\" id=\"reusable-sections\" class=\"h-section h-section-global-spacing d-flex align-items-lg-center align-items-md-center align-items-center style-802 style-local-1963-c16 position-relative\">\n  <!---->\n  <!---->\n  <div class=\"h-section-grid-container h-section-boxed-container\">\n    <!---->\n    <div data-colibri-id=\"1963-c17\" class=\"h-row-container gutters-row-lg-2 gutters-row-md-2 gutters-row-0 gutters-row-v-lg-2 gutters-row-v-md-2 gutters-row-v-2 style-803 style-local-1963-c17 position-relative\">\n      <!---->\n      <div class=\"h-row justify-content-lg-center justify-content-md-center justify-content-center align-items-lg-stretch align-items-md-stretch align-items-stretch gutters-col-lg-2 gutters-col-md-2 gutters-col-0 gutters-col-v-lg-2 gutters-col-v-md-2 gutters-col-v-2\">\n        <!---->\n        <div class=\"h-column h-column-container d-flex h-col-lg-auto h-col-md-auto h-col-auto style-804-outer style-local-1963-c18-outer\">\n          <div data-colibri-id=\"1963-c18\" class=\"d-flex h-flex-basis h-column__inner h-ui-empty-state-container h-px-lg-2 h-px-md-2 h-px-2 v-inner-lg-2 v-inner-md-2 v-inner-2 style-804 style-local-1963-c18 position-relative\">\n            <!---->\n            <!---->\n            <div class=\"w-100 h-y-container h-column__content h-column__v-align flex-basis-100\">\n              <!---->\n            <\/div>\n          <\/div>\n        <\/div>\n      <\/div>\n    <\/div>\n    <div data-colibri-id=\"1963-c19\" class=\"h-row-container gutters-row-lg-0 gutters-row-md-0 gutters-row-2 gutters-row-v-lg-0 gutters-row-v-md-0 gutters-row-v-2 style-805 style-local-1963-c19 position-relative\">\n      <!---->\n      <div class=\"h-row justify-content-lg-center justify-content-md-center justify-content-center align-items-lg-stretch align-items-md-stretch align-items-stretch gutters-col-lg-0 gutters-col-md-0 gutters-col-2 gutters-col-v-lg-0 gutters-col-v-md-0 gutters-col-v-2\">\n        <!---->\n        <div class=\"h-column h-column-container d-flex h-col-lg-3 h-col-md-3 h-col-12 style-806-outer style-local-1963-c20-outer\">\n          <div data-colibri-id=\"1963-c20\" class=\"d-flex h-flex-basis h-column__inner h-px-lg-3 h-px-md-3 h-px-2 v-inner-lg-3 v-inner-md-3 v-inner-2 style-806 style-local-1963-c20 position-relative\">\n            <!---->\n            <!---->\n            <div class=\"w-100 h-y-container h-column__content h-column__v-align flex-basis-100 align-self-lg-center align-self-md-center align-self-center\">\n              <!---->\n              <div data-colibri-id=\"1963-c21\" class=\"d-block style-807 style-local-1963-c21 position-relative h-element\">\n                <!---->\n                <div class=\"h-image__frame-container-outer\">\n                  <a href=\"http:\/\/www.ciencia.gob.es\/\" target=\"_blank\" h-use-smooth-scroll=\"true\" class=\"image-link\" rel=\"noopener\">\n                    <div class=\"h-image__frame-container\">\n                      <!---->\n                      <!---->\n                      <img loading=\"lazy\" width=\"1194\" height=\"361\" src=\"http:\/\/www.capoxproject.org\/wp-content\/uploads\/2022\/04\/logos.jpg\" class=\"wp-image-2445 style-807-image style-local-1963-c21-image\" srcset=\"https:\/\/www.capoxproject.org\/wp-content\/uploads\/2022\/04\/logos.jpg 1194w, https:\/\/www.capoxproject.org\/wp-content\/uploads\/2022\/04\/logos-300x91.jpg 300w, https:\/\/www.capoxproject.org\/wp-content\/uploads\/2022\/04\/logos-1024x310.jpg 1024w, https:\/\/www.capoxproject.org\/wp-content\/uploads\/2022\/04\/logos-768x232.jpg 768w\" sizes=\"(max-width: 1194px) 100vw, 1194px\" alt=\"\" \/>\n                      <div class=\"h-image__frame h-hide-lg h-hide-md h-hide-sm style-807-frameImage style-local-1963-c21-frameImage\"><\/div>\n                    <\/div>\n                  <\/a>\n                <\/div>\n              <\/div>\n              <div data-colibri-id=\"1963-c22\" class=\"h-text h-text-component style-808 style-local-1963-c22 position-relative h-element\">\n                <!---->\n                <!---->\n                <div class=\"\">\n                  <p>Proyecto financiado por el Ministerio de Ciencia e Innovaci\u00f3n de Espa\u00f1a y cofinanciado por FEDER<\/p>\n                  <p>(RTI2018-097768-B-C21)&nbsp;<\/p>\n                <\/div>\n              <\/div>\n            <\/div>\n          <\/div>\n        <\/div>\n        <div class=\"h-column h-column-container d-flex h-col-lg-3 h-col-md-3 h-col-12 style-806-outer style-local-1963-c23-outer\">\n          <div data-colibri-id=\"1963-c23\" class=\"d-flex h-flex-basis h-column__inner h-px-lg-3 h-px-md-3 h-px-2 v-inner-lg-3 v-inner-md-3 v-inner-2 style-806 style-local-1963-c23 position-relative\">\n            <!---->\n            <!---->\n            <div class=\"w-100 h-y-container h-column__content h-column__v-align flex-basis-100 align-self-lg-center align-self-md-center align-self-center\">\n              <!---->\n              <div data-colibri-id=\"1963-c24\" class=\"h-row-container gutters-row-lg-1 gutters-row-md-1 gutters-row-0 gutters-row-v-lg-1 gutters-row-v-md-1 gutters-row-v-1 style-809 style-local-1963-c24 position-relative\">\n                <!---->\n                <div class=\"h-row justify-content-lg-center justify-content-md-center justify-content-center align-items-lg-stretch align-items-md-stretch align-items-stretch gutters-col-lg-1 gutters-col-md-1 gutters-col-0 gutters-col-v-lg-1 gutters-col-v-md-1 gutters-col-v-1\">\n                  <!---->\n                  <div class=\"h-column h-column-container d-flex h-col-lg-4 h-col-md-4 h-col-12 style-810-outer style-local-1963-c25-outer\">\n                    <div data-colibri-id=\"1963-c25\" class=\"d-flex h-flex-basis h-column__inner h-px-lg-0 h-px-md-0 h-px-0 v-inner-lg-0 v-inner-md-0 v-inner-0 style-810 style-local-1963-c25 position-relative\">\n                      <!---->\n                      <!---->\n                      <div class=\"w-100 h-y-container h-column__content h-column__v-align flex-basis-100 align-self-lg-start align-self-md-start align-self-start\">\n                        <!---->\n                        <div data-colibri-id=\"1963-c26\" class=\"d-block style-811 style-local-1963-c26 position-relative h-element\">\n                          <!---->\n                          <div class=\"h-image__frame-container-outer\">\n                            <a href=\"http:\/\/www.ceam.es\/GVAceam\/ceam_en\/home.htm\" target=\"_blank\" h-use-smooth-scroll=\"true\" class=\"image-link\" rel=\"noopener\">\n                              <div class=\"h-image__frame-container\">\n                                <!---->\n                                <!---->\n                                <img loading=\"lazy\" width=\"811\" height=\"515\" src=\"http:\/\/www.capoxproject.org\/wp-content\/uploads\/2020\/03\/logo_Ceam_2.bmp\" class=\"wp-image-573 style-811-image style-local-1963-c26-image\" alt=\"\" \/>\n                                <div class=\"h-image__frame h-hide-lg h-hide-md h-hide-sm style-811-frameImage style-local-1963-c26-frameImage\"><\/div>\n                              <\/div>\n                            <\/a>\n                          <\/div>\n                        <\/div>\n                      <\/div>\n                    <\/div>\n                  <\/div>\n                  <div class=\"h-column h-column-container d-flex h-col-lg-4 h-col-md-4 h-col-12 style-812-outer style-local-1963-c27-outer\">\n                    <div data-colibri-id=\"1963-c27\" class=\"d-flex h-flex-basis h-column__inner h-px-lg-0 h-px-md-0 h-px-0 v-inner-lg-0 v-inner-md-0 v-inner-0 style-812 style-local-1963-c27 position-relative\">\n                      <!---->\n                      <!---->\n                      <div class=\"w-100 h-y-container h-column__content h-column__v-align flex-basis-100 align-self-lg-start align-self-md-start align-self-start\">\n                        <!---->\n                        <div data-colibri-id=\"1963-c28\" class=\"d-block style-813 style-local-1963-c28 position-relative h-element\">\n                          <!---->\n                          <div class=\"h-image__frame-container-outer\">\n                            <a href=\"https:\/\/www.upm.es\/\" target=\"_blank\" h-use-smooth-scroll=\"true\" class=\"image-link\" rel=\"noopener\">\n                              <div class=\"h-image__frame-container\">\n                                <!---->\n                                <!---->\n                                <img loading=\"lazy\" width=\"1181\" height=\"847\" src=\"http:\/\/www.capoxproject.org\/wp-content\/uploads\/2020\/03\/UPM.jpg\" class=\"wp-image-565 style-813-image style-local-1963-c28-image\" srcset=\"https:\/\/www.capoxproject.org\/wp-content\/uploads\/2020\/03\/UPM.jpg 1181w, https:\/\/www.capoxproject.org\/wp-content\/uploads\/2020\/03\/UPM-300x215.jpg 300w, https:\/\/www.capoxproject.org\/wp-content\/uploads\/2020\/03\/UPM-1024x734.jpg 1024w, https:\/\/www.capoxproject.org\/wp-content\/uploads\/2020\/03\/UPM-768x551.jpg 768w\" sizes=\"(max-width: 1181px) 100vw, 1181px\" alt=\"\" \/>\n                                <div class=\"h-image__frame h-hide-lg h-hide-md h-hide-sm style-813-frameImage style-local-1963-c28-frameImage\"><\/div>\n                              <\/div>\n                            <\/a>\n                          <\/div>\n                        <\/div>\n                      <\/div>\n                    <\/div>\n                  <\/div>\n                  <div class=\"h-column h-column-container d-flex h-col-lg-4 h-col-md-4 h-col-12 style-814-outer style-local-1963-c29-outer\">\n                    <div data-colibri-id=\"1963-c29\" class=\"d-flex h-flex-basis h-column__inner h-px-lg-0 h-px-md-0 h-px-0 v-inner-lg-0 v-inner-md-0 v-inner-0 style-814 style-local-1963-c29 position-relative\">\n                      <!---->\n                      <!---->\n                      <div class=\"w-100 h-y-container h-column__content h-column__v-align flex-basis-100 align-self-lg-start align-self-md-start align-self-start\">\n                        <!---->\n                        <div data-colibri-id=\"1963-c30\" class=\"d-block style-815 style-local-1963-c30 position-relative h-element\">\n                          <!---->\n                          <div class=\"h-image__frame-container-outer\">\n                            <a href=\"https:\/\/www.uclm.es\/\" target=\"_blank\" h-use-smooth-scroll=\"true\" class=\"image-link\" rel=\"noopener\">\n                              <div class=\"h-image__frame-container\">\n                                <!---->\n                                <!---->\n                                <img loading=\"lazy\" width=\"645\" height=\"402\" src=\"http:\/\/www.capoxproject.org\/wp-content\/uploads\/2020\/03\/UCLM_Simbolo_Color.png\" class=\"wp-image-566 style-815-image style-local-1963-c30-image\" srcset=\"https:\/\/www.capoxproject.org\/wp-content\/uploads\/2020\/03\/UCLM_Simbolo_Color.png 645w, https:\/\/www.capoxproject.org\/wp-content\/uploads\/2020\/03\/UCLM_Simbolo_Color-300x187.png 300w\" sizes=\"(max-width: 645px) 100vw, 645px\" alt=\"\" \/>\n                                <div class=\"h-image__frame h-hide-lg h-hide-md h-hide-sm style-815-frameImage style-local-1963-c30-frameImage\"><\/div>\n                              <\/div>\n                            <\/a>\n                          <\/div>\n                        <\/div>\n                      <\/div>\n                    <\/div>\n                  <\/div>\n                <\/div>\n              <\/div>\n            <\/div>\n          <\/div>\n        <\/div>\n        <div class=\"h-column h-column-container d-flex h-col-lg-3 h-col-md-3 h-col-12 style-816-outer style-local-1963-c31-outer\">\n          <div data-colibri-id=\"1963-c31\" class=\"d-flex h-flex-basis h-column__inner h-px-lg-3 h-px-md-3 h-px-2 v-inner-lg-3 v-inner-md-3 v-inner-2 style-816 style-local-1963-c31 position-relative\">\n            <!---->\n            <!---->\n            <div class=\"w-100 h-y-container h-column__content h-column__v-align flex-basis-100 align-self-lg-center align-self-md-center align-self-center\">\n              <!---->\n              <div data-colibri-id=\"1963-c32\" class=\"h-global-transition-all h-heading style-817 style-local-1963-c32 position-relative h-element\">\n                <!---->\n                <div class=\"h-heading__outer style-817 style-local-1963-c32\">\n                  <!---->\n                  <!---->\n                  <h1 class=\"\">CONTACTo<\/h1>\n                <\/div>\n              <\/div>\n              <div data-colibri-id=\"1963-c33\" class=\"icon-list d-flex justify-content-lg-start justify-content-md-start justify-content-start style-818 style-local-1963-c33 position-relative h-element\">\n                <!---->\n                <ul class=\"ul-list-icon vertical-on-desktop vertical-on-tablet vertical-on-mobile justify-content-lg-start justify-content-md-start justify-content-start\">\n                  <!---->\n                  <li class=\"list-item no-gutters\">\n                    <!---->\n                    <div class=\"list-container-divider d-flex justify-content-lg-start justify-content-md-start justify-content-start first-el-spacer\"><\/div> <span class=\"item-link no-gutters\"><div class=\"d-flex h-col no-gutters align-items-lg-start align-items-md-start align-items-start list-item-text-wrapper\"><div class=\"d-flex\"><span  class=\"h-svg-icon style-818-icon style-local-1963-c33-icon\"><!--Icon by Font Awesome (https:\/\/fontawesome.com)--><svg version=\"1.1\" xmlns=\"http:\/\/www.w3.org\/2000\/svg\" xmlns:xlink=\"http:\/\/www.w3.org\/1999\/xlink\" id=\"map-marker\" viewBox=\"0 0 1049.8953 1896.0833\"><path d=\"M768 640q0-106-75-181t-181-75-181 75-75 181 75 181 181 75 181-75 75-181zm256 0q0 109-33 179l-364 774q-16 33-47.5 52t-67.5 19-67.5-19-46.5-52L33 819Q0 749 0 640q0-212 150-362t362-150 362 150 150 362z\"><\/path><\/svg><\/span><\/div>\n              <span class=\"list-text d-block\"><span>Parque Tecnol\u00f3gico C\/ Charles R. Darwin, 14 46980 Paterna, Valencia (Spain)<\/span><\/span>\n            <\/div>\n            <\/span>\n            <div class=\"list-container-divider d-flex justify-content-lg-start justify-content-md-start justify-content-start\">\n              <!---->\n            <\/div>\n            <\/li>\n            <li class=\"list-item no-gutters\">\n              <!---->\n              <!----><span class=\"item-link no-gutters\"><div class=\"d-flex h-col no-gutters align-items-lg-start align-items-md-start align-items-start list-item-text-wrapper\"><div class=\"d-flex\"><span  class=\"h-svg-icon style-818-icon style-local-1963-c33-icon\"><!--Icon by Font Awesome (https:\/\/fontawesome.com)--><svg version=\"1.1\" xmlns=\"http:\/\/www.w3.org\/2000\/svg\" xmlns:xlink=\"http:\/\/www.w3.org\/1999\/xlink\" id=\"phone\" viewBox=\"0 0 1408 1896.0833\"><path d=\"M1408 1240q0 27-10 70.5t-21 68.5q-21 50-122 106-94 51-186 51-27 0-53-3.5t-57.5-12.5-47-14.5T856 1485t-49-18q-98-35-175-83-127-79-264-216T152 904q-48-77-83-175-3-9-18-49t-20.5-55.5-14.5-47T3.5 520 0 467q0-92 51-186 56-101 106-122 25-11 68.5-21t70.5-10q14 0 21 3 18 6 53 76 11 19 30 54t35 63.5 31 53.5q3 4 17.5 25t21.5 35.5 7 28.5q0 20-28.5 50t-62 55-62 53-28.5 46q0 9 5 22.5t8.5 20.5 14 24 11.5 19q76 137 174 235t235 174q2 1 19 11.5t24 14 20.5 8.5 22.5 5q18 0 46-28.5t53-62 55-62 50-28.5q14 0 28.5 7t35.5 21.5 25 17.5q25 15 53.5 31t63.5 35 54 30q70 35 76 53 3 7 3 21z\"><\/path><\/svg><\/span><\/div>\n          <span class=\"list-text d-block\"><span>+34 609 644 051<\/span><\/span>\n        <\/div>\n        <\/span>\n        <div class=\"list-container-divider d-flex justify-content-lg-start justify-content-md-start justify-content-start\">\n          <!---->\n        <\/div>\n        <\/li>\n        <li class=\"list-item no-gutters\">\n          <!---->\n          <!----><span target=\"_blank\" class=\"item-link no-gutters\"><div class=\"d-flex h-col no-gutters align-items-lg-start align-items-md-start align-items-start list-item-text-wrapper\"><div class=\"d-flex\"><span  class=\"h-svg-icon style-818-icon style-local-1963-c33-icon\"><!--Icon by Socicon (http:\/\/www.socicon.com)--><svg version=\"1.1\" xmlns=\"http:\/\/www.w3.org\/2000\/svg\" viewBox=\"0 0 1500 1500\">\n\n<path d=\"M799.805 922.852c-14.648 11.719-32.227 20.508-49.805 20.508s-35.156-8.789-49.805-20.508l-700.195-571.289v899.414h1500v-899.414zM750 750c14.648 0 29.297-5.859 41.016-14.648l594.727-486.328h-1271.484l594.727 486.328c11.719 8.789 26.367 14.648 41.016 14.648z\"><\/path>\n<\/svg>\n<\/span><\/div> <span class=\"list-text d-block\"><span>info@ceam.es<\/span><\/span>\n    <\/div>\n    <\/span>\n    <div class=\"list-container-divider d-flex justify-content-lg-start justify-content-md-start justify-content-start\" style=\"display: none;\">\n      <!---->\n    <\/div>\n    <div class=\"list-container-divider d-flex justify-content-lg-start justify-content-md-start justify-content-start last-el-spacer\"><\/div>\n    <\/li>\n    <\/ul>\n  <\/div>\n<\/div>\n<\/div>\n<\/div>\n<\/div>\n<\/div>\n<\/div>\n<\/div>\n<\/div>","protected":false},"excerpt":{"rendered":"<p>VIS\u00cdTANOS CEAM: Parque Tecnol\u00f3gico (c\/ Charles R. Darwing, 14 (46980) Patena, Valencia (Spain)) LL\u00c1MANOS +34 609 644 051 ESCR\u00cdBENOS SP1 Coordinador: Amalia Mu\u00f1oz (amalia@ceam.es) SP2 Coordinador: Rafael Borge (rafael.borge@upm.es) Proyecto financiado por el Ministerio de Ciencia e Innovaci\u00f3n de Espa\u00f1a y cofinanciado por FEDER (RTI2018-097768-B-C21)&nbsp; CONTACTo Parque Tecnol\u00f3gico C\/ Charles R. Darwin, 14 46980 Paterna, [&hellip;]<\/p>\n","protected":false},"author":1,"featured_media":0,"parent":0,"menu_order":0,"comment_status":"closed","ping_status":"closed","template":"page-templates\/full-width-page.php","meta":[],"_links":{"self":[{"href":"https:\/\/www.capoxproject.org\/index.php\/wp-json\/wp\/v2\/pages\/1963"}],"collection":[{"href":"https:\/\/www.capoxproject.org\/index.php\/wp-json\/wp\/v2\/pages"}],"about":[{"href":"https:\/\/www.capoxproject.org\/index.php\/wp-json\/wp\/v2\/types\/page"}],"author":[{"embeddable":true,"href":"https:\/\/www.capoxproject.org\/index.php\/wp-json\/wp\/v2\/users\/1"}],"replies":[{"embeddable":true,"href":"https:\/\/www.capoxproject.org\/index.php\/wp-json\/wp\/v2\/comments?post=1963"}],"version-history":[{"count":5,"href":"https:\/\/www.capoxproject.org\/index.php\/wp-json\/wp\/v2\/pages\/1963\/revisions"}],"predecessor-version":[{"id":2603,"href":"https:\/\/www.capoxproject.org\/index.php\/wp-json\/wp\/v2\/pages\/1963\/revisions\/2603"}],"wp:attachment":[{"href":"https:\/\/www.capoxproject.org\/index.php\/wp-json\/wp\/v2\/media?parent=1963"}],"curies":[{"name":"wp","href":"https:\/\/api.w.org\/{rel}","templated":true}]}}