{"id":1943,"date":"2020-04-06T13:09:23","date_gmt":"2020-04-06T11:09:23","guid":{"rendered":"http:\/\/www.capoxproject.org\/?page_id=1943"},"modified":"2022-04-13T14:17:53","modified_gmt":"2022-04-13T12:17:53","slug":"sp1-estudios-experimentales","status":"publish","type":"page","link":"https:\/\/www.capoxproject.org\/index.php\/sp1-estudios-experimentales\/","title":{"rendered":"SP1 ESTUDIOS EXPERIMENTALES"},"content":{"rendered":"<div data-colibri-id=\"1943-c1\" class=\"style-225 style-local-1943-c1 position-relative\">\n  <!---->\n  <div data-colibri-component=\"section\" data-colibri-id=\"1943-c2\" id=\"about\" class=\"h-section h-section-global-spacing d-flex align-items-lg-center align-items-md-center align-items-center style-590 style-local-1943-c2 position-relative\">\n    <!---->\n    <!---->\n    <div class=\"h-section-grid-container h-section-boxed-container\">\n      <!---->\n      <div data-colibri-id=\"1943-c3\" class=\"h-row-container gutters-row-lg-2 gutters-row-md-2 gutters-row-2 gutters-row-v-lg-2 gutters-row-v-md-2 gutters-row-v-2 style-591 style-local-1943-c3 position-relative\">\n        <!---->\n        <div class=\"h-row justify-content-lg-center justify-content-md-center justify-content-center align-items-lg-stretch align-items-md-stretch align-items-stretch gutters-col-lg-2 gutters-col-md-2 gutters-col-2 gutters-col-v-lg-2 gutters-col-v-md-2 gutters-col-v-2\">\n          <!---->\n          <div class=\"h-column h-column-container d-flex h-col-lg-auto h-col-md-auto h-col-auto style-592-outer style-local-1943-c4-outer\">\n            <div data-colibri-id=\"1943-c4\" class=\"d-flex h-flex-basis h-column__inner h-px-lg-2 h-px-md-2 h-px-2 v-inner-lg-2 v-inner-md-2 v-inner-2 style-592 style-local-1943-c4 position-relative\">\n              <!---->\n              <!---->\n              <div class=\"w-100 h-y-container h-column__content h-column__v-align flex-basis-100 align-self-lg-center align-self-md-center align-self-center\">\n                <!---->\n                <div data-colibri-id=\"1943-c5\" class=\"h-global-transition-all h-heading style-593 style-local-1943-c5 position-relative h-element\">\n                  <!---->\n                  <div class=\"h-heading__outer style-593 style-local-1943-c5\">\n                    <!---->\n                    <!---->\n                    <h3 class=\"\">Sub-proYectO 1<\/h3>\n                  <\/div>\n                <\/div>\n                <div data-colibri-id=\"1943-c6\" class=\"h-global-transition-all h-heading style-594 style-local-1943-c6 position-relative h-element\">\n                  <!---->\n                  <div class=\"h-heading__outer style-594 style-local-1943-c6\">\n                    <!---->\n                    <!---->\n                    <h5 class=\"\">Equipo de Qu\u00edmica Atmosf\u00e9rica (EUPHORE) de la Fundaci\u00f3n CEAM<\/h5>\n                  <\/div>\n                <\/div>\n                <div data-colibri-id=\"1943-c7\" class=\"h-lead h-text h-text-component style-595 style-local-1943-c7 position-relative h-element\">\n                  <!---->\n                  <!---->\n                  <div class=\"\">\n                    <p>Se llevan cabo experimentos de simulaci\u00f3n atmosf\u00e9rica de diferentes escenarios y condiciones modelizadas en las c\u00e1maras de EUPHORE (European Photo-Reactor), comprobando su impacto en condiciones atmosf\u00e9ricas controladas y casi reales.\n                      Prestando especial atenci\u00f3n a aquellas sustancias no medidas de forma rutinaria hasta ahora.\n                      <br>Por otro lado, estos experimentos controlados permitir\u00e1n establecer el impacto de la contaminaci\u00f3n ambiental de forma parametrizada y aislada de los fen\u00f3menos atmosf\u00e9ricos. Este sub-proyecto utilizar\u00e1 algunos de los resultados del\n                      sub-proyecto 2 para establecer los diferentes escenarios que se simular\u00e1n en EUPHORE.\n                      <br>Las observaciones experimentales servir\u00e1n como confirmaci\u00f3n para los modelos, lo que proporcionar\u00e1 una valiosa retroalimentaci\u00f3n para su optimizaci\u00f3n.<\/p>\n                  <\/div>\n                <\/div>\n              <\/div>\n            <\/div>\n          <\/div>\n          <div class=\"h-column h-column-container d-flex h-col-lg-auto h-col-md-auto h-col-auto style-598-outer style-local-1943-c8-outer\">\n            <div data-colibri-id=\"1943-c8\" class=\"d-flex h-flex-basis h-column__inner h-px-lg-2 h-px-md-2 h-px-2 v-inner-lg-2 v-inner-md-2 v-inner-2 style-598 style-local-1943-c8 position-relative\">\n              <!---->\n              <!---->\n              <div class=\"w-100 h-y-container h-column__content h-column__v-align flex-basis-100 align-self-lg-center align-self-md-center align-self-center\">\n                <!---->\n                <div data-colibri-id=\"1943-c9\" class=\"d-block style-599 style-local-1943-c9 position-relative h-element\">\n                  <!---->\n                  <div class=\"h-image__frame-container-outer\">\n                    <div class=\"h-image__frame-container\">\n                      <!---->\n                      <!---->\n                      <img loading=\"lazy\" width=\"849\" height=\"543\" src=\"http:\/\/www.capoxproject.org\/wp-content\/uploads\/2019\/10\/euph-photo.png\" class=\"wp-image-337 style-599-image style-local-1943-c9-image\" srcset=\"https:\/\/www.capoxproject.org\/wp-content\/uploads\/2019\/10\/euph-photo.png 849w, https:\/\/www.capoxproject.org\/wp-content\/uploads\/2019\/10\/euph-photo-300x192.png 300w, https:\/\/www.capoxproject.org\/wp-content\/uploads\/2019\/10\/euph-photo-768x491.png 768w\" sizes=\"(max-width: 849px) 100vw, 849px\" alt=\"\" \/>\n                      <div class=\"h-image__frame h-hide-sm style-599-frameImage style-local-1943-c9-frameImage\"><\/div>\n                    <\/div>\n                  <\/div>\n                <\/div>\n              <\/div>\n            <\/div>\n          <\/div>\n        <\/div>\n      <\/div>\n    <\/div>\n  <\/div>\n  <div data-colibri-component=\"section\" data-colibri-id=\"1943-c10\" id=\"reusable-sections\" class=\"h-section h-section-global-spacing d-flex align-items-lg-center align-items-md-center align-items-center style-604 style-local-1943-c10 position-relative\">\n    <!---->\n    <!---->\n    <div class=\"h-section-grid-container h-section-boxed-container\">\n      <!---->\n      <div data-colibri-id=\"1943-c11\" class=\"h-row-container gutters-row-lg-2 gutters-row-md-2 gutters-row-0 gutters-row-v-lg-2 gutters-row-v-md-2 gutters-row-v-2 style-605 style-local-1943-c11 position-relative\">\n        <!---->\n        <div class=\"h-row justify-content-lg-center justify-content-md-center justify-content-center align-items-lg-stretch align-items-md-stretch align-items-stretch gutters-col-lg-2 gutters-col-md-2 gutters-col-0 gutters-col-v-lg-2 gutters-col-v-md-2 gutters-col-v-2\">\n          <!---->\n          <div class=\"h-column h-column-container d-flex h-col-lg-auto h-col-md-auto h-col-auto style-606-outer style-local-1943-c12-outer\">\n            <div data-colibri-id=\"1943-c12\" class=\"d-flex h-flex-basis h-column__inner h-ui-empty-state-container h-px-lg-2 h-px-md-2 h-px-2 v-inner-lg-2 v-inner-md-2 v-inner-2 style-606 style-local-1943-c12 position-relative\">\n              <!---->\n              <!---->\n              <div class=\"w-100 h-y-container h-column__content h-column__v-align flex-basis-100\">\n                <!---->\n              <\/div>\n            <\/div>\n          <\/div>\n        <\/div>\n      <\/div>\n      <div data-colibri-id=\"1943-c13\" class=\"h-row-container gutters-row-lg-0 gutters-row-md-0 gutters-row-2 gutters-row-v-lg-0 gutters-row-v-md-0 gutters-row-v-2 style-607 style-local-1943-c13 position-relative\">\n        <!---->\n        <div class=\"h-row justify-content-lg-center justify-content-md-center justify-content-center align-items-lg-stretch align-items-md-stretch align-items-stretch gutters-col-lg-0 gutters-col-md-0 gutters-col-2 gutters-col-v-lg-0 gutters-col-v-md-0 gutters-col-v-2\">\n          <!---->\n          <div class=\"h-column h-column-container d-flex h-col-lg-3 h-col-md-3 h-col-12 style-608-outer style-local-1943-c14-outer\">\n            <div data-colibri-id=\"1943-c14\" class=\"d-flex h-flex-basis h-column__inner h-px-lg-3 h-px-md-3 h-px-2 v-inner-lg-3 v-inner-md-3 v-inner-2 style-608 style-local-1943-c14 position-relative\">\n              <!---->\n              <!---->\n              <div class=\"w-100 h-y-container h-column__content h-column__v-align flex-basis-100 align-self-lg-center align-self-md-center align-self-center\">\n                <!---->\n                <div data-colibri-id=\"1943-c15\" class=\"d-block style-609 style-local-1943-c15 position-relative h-element\">\n                  <!---->\n                  <div class=\"h-image__frame-container-outer\">\n                    <a href=\"http:\/\/www.ciencia.gob.es\/\" target=\"_blank\" h-use-smooth-scroll=\"true\" class=\"image-link\" rel=\"noopener\">\n                      <div class=\"h-image__frame-container\">\n                        <!---->\n                        <!---->\n                        <img loading=\"lazy\" width=\"1194\" height=\"361\" src=\"http:\/\/www.capoxproject.org\/wp-content\/uploads\/2022\/04\/logos.jpg\" class=\"wp-image-2445 style-609-image style-local-1943-c15-image\" srcset=\"https:\/\/www.capoxproject.org\/wp-content\/uploads\/2022\/04\/logos.jpg 1194w, https:\/\/www.capoxproject.org\/wp-content\/uploads\/2022\/04\/logos-300x91.jpg 300w, https:\/\/www.capoxproject.org\/wp-content\/uploads\/2022\/04\/logos-1024x310.jpg 1024w, https:\/\/www.capoxproject.org\/wp-content\/uploads\/2022\/04\/logos-768x232.jpg 768w\" sizes=\"(max-width: 1194px) 100vw, 1194px\" alt=\"\" \/>\n                        <div class=\"h-image__frame h-hide-lg h-hide-md h-hide-sm style-609-frameImage style-local-1943-c15-frameImage\"><\/div>\n                      <\/div>\n                    <\/a>\n                  <\/div>\n                <\/div>\n                <div data-colibri-id=\"1943-c16\" class=\"h-text h-text-component style-610 style-local-1943-c16 position-relative h-element\">\n                  <!---->\n                  <!---->\n                  <div class=\"\">\n                    <p>Proyecto financiado por el Ministerio de Ciencia e Innovaci\u00f3n de Espa\u00f1a y cofinanciado por FEDER<\/p>\n                    <p>(RTI2018-097768-B-C21)&nbsp;<\/p>\n                  <\/div>\n                <\/div>\n              <\/div>\n            <\/div>\n          <\/div>\n          <div class=\"h-column h-column-container d-flex h-col-lg-3 h-col-md-3 h-col-12 style-608-outer style-local-1943-c17-outer\">\n            <div data-colibri-id=\"1943-c17\" class=\"d-flex h-flex-basis h-column__inner h-px-lg-3 h-px-md-3 h-px-2 v-inner-lg-3 v-inner-md-3 v-inner-2 style-608 style-local-1943-c17 position-relative\">\n              <!---->\n              <!---->\n              <div class=\"w-100 h-y-container h-column__content h-column__v-align flex-basis-100 align-self-lg-center align-self-md-center align-self-center\">\n                <!---->\n                <div data-colibri-id=\"1943-c18\" class=\"h-row-container gutters-row-lg-1 gutters-row-md-1 gutters-row-0 gutters-row-v-lg-1 gutters-row-v-md-1 gutters-row-v-1 style-611 style-local-1943-c18 position-relative\">\n                  <!---->\n                  <div class=\"h-row justify-content-lg-center justify-content-md-center justify-content-center align-items-lg-stretch align-items-md-stretch align-items-stretch gutters-col-lg-1 gutters-col-md-1 gutters-col-0 gutters-col-v-lg-1 gutters-col-v-md-1 gutters-col-v-1\">\n                    <!---->\n                    <div class=\"h-column h-column-container d-flex h-col-lg-4 h-col-md-4 h-col-12 style-612-outer style-local-1943-c19-outer\">\n                      <div data-colibri-id=\"1943-c19\" class=\"d-flex h-flex-basis h-column__inner h-px-lg-0 h-px-md-0 h-px-0 v-inner-lg-0 v-inner-md-0 v-inner-0 style-612 style-local-1943-c19 position-relative\">\n                        <!---->\n                        <!---->\n                        <div class=\"w-100 h-y-container h-column__content h-column__v-align flex-basis-100 align-self-lg-start align-self-md-start align-self-start\">\n                          <!---->\n                          <div data-colibri-id=\"1943-c20\" class=\"d-block style-613 style-local-1943-c20 position-relative h-element\">\n                            <!---->\n                            <div class=\"h-image__frame-container-outer\">\n                              <a href=\"http:\/\/www.ceam.es\/GVAceam\/ceam_en\/home.htm\" target=\"_blank\" h-use-smooth-scroll=\"true\" class=\"image-link\" rel=\"noopener\">\n                                <div class=\"h-image__frame-container\">\n                                  <!---->\n                                  <!---->\n                                  <img loading=\"lazy\" width=\"811\" height=\"515\" src=\"http:\/\/www.capoxproject.org\/wp-content\/uploads\/2020\/03\/logo_Ceam_2.bmp\" class=\"wp-image-573 style-613-image style-local-1943-c20-image\" alt=\"\" \/>\n                                  <div class=\"h-image__frame h-hide-lg h-hide-md h-hide-sm style-613-frameImage style-local-1943-c20-frameImage\"><\/div>\n                                <\/div>\n                              <\/a>\n                            <\/div>\n                          <\/div>\n                        <\/div>\n                      <\/div>\n                    <\/div>\n                    <div class=\"h-column h-column-container d-flex h-col-lg-4 h-col-md-4 h-col-12 style-614-outer style-local-1943-c21-outer\">\n                      <div data-colibri-id=\"1943-c21\" class=\"d-flex h-flex-basis h-column__inner h-px-lg-0 h-px-md-0 h-px-0 v-inner-lg-0 v-inner-md-0 v-inner-0 style-614 style-local-1943-c21 position-relative\">\n                        <!---->\n                        <!---->\n                        <div class=\"w-100 h-y-container h-column__content h-column__v-align flex-basis-100 align-self-lg-start align-self-md-start align-self-start\">\n                          <!---->\n                          <div data-colibri-id=\"1943-c22\" class=\"d-block style-615 style-local-1943-c22 position-relative h-element\">\n                            <!---->\n                            <div class=\"h-image__frame-container-outer\">\n                              <a href=\"https:\/\/www.upm.es\/\" target=\"_blank\" h-use-smooth-scroll=\"true\" class=\"image-link\" rel=\"noopener\">\n                                <div class=\"h-image__frame-container\">\n                                  <!---->\n                                  <!---->\n                                  <img loading=\"lazy\" width=\"1181\" height=\"847\" src=\"http:\/\/www.capoxproject.org\/wp-content\/uploads\/2020\/03\/UPM.jpg\" class=\"wp-image-565 style-615-image style-local-1943-c22-image\" srcset=\"https:\/\/www.capoxproject.org\/wp-content\/uploads\/2020\/03\/UPM.jpg 1181w, https:\/\/www.capoxproject.org\/wp-content\/uploads\/2020\/03\/UPM-300x215.jpg 300w, https:\/\/www.capoxproject.org\/wp-content\/uploads\/2020\/03\/UPM-1024x734.jpg 1024w, https:\/\/www.capoxproject.org\/wp-content\/uploads\/2020\/03\/UPM-768x551.jpg 768w\" sizes=\"(max-width: 1181px) 100vw, 1181px\" alt=\"\" \/>\n                                  <div class=\"h-image__frame h-hide-lg h-hide-md h-hide-sm style-615-frameImage style-local-1943-c22-frameImage\"><\/div>\n                                <\/div>\n                              <\/a>\n                            <\/div>\n                          <\/div>\n                        <\/div>\n                      <\/div>\n                    <\/div>\n                    <div class=\"h-column h-column-container d-flex h-col-lg-4 h-col-md-4 h-col-12 style-616-outer style-local-1943-c23-outer\">\n                      <div data-colibri-id=\"1943-c23\" class=\"d-flex h-flex-basis h-column__inner h-px-lg-0 h-px-md-0 h-px-0 v-inner-lg-0 v-inner-md-0 v-inner-0 style-616 style-local-1943-c23 position-relative\">\n                        <!---->\n                        <!---->\n                        <div class=\"w-100 h-y-container h-column__content h-column__v-align flex-basis-100 align-self-lg-start align-self-md-start align-self-start\">\n                          <!---->\n                          <div data-colibri-id=\"1943-c24\" class=\"d-block style-617 style-local-1943-c24 position-relative h-element\">\n                            <!---->\n                            <div class=\"h-image__frame-container-outer\">\n                              <a href=\"https:\/\/www.uclm.es\/\" target=\"_blank\" h-use-smooth-scroll=\"true\" class=\"image-link\" rel=\"noopener\">\n                                <div class=\"h-image__frame-container\">\n                                  <!---->\n                                  <!---->\n                                  <img loading=\"lazy\" width=\"645\" height=\"402\" src=\"http:\/\/www.capoxproject.org\/wp-content\/uploads\/2020\/03\/UCLM_Simbolo_Color.png\" class=\"wp-image-566 style-617-image style-local-1943-c24-image\" srcset=\"https:\/\/www.capoxproject.org\/wp-content\/uploads\/2020\/03\/UCLM_Simbolo_Color.png 645w, https:\/\/www.capoxproject.org\/wp-content\/uploads\/2020\/03\/UCLM_Simbolo_Color-300x187.png 300w\" sizes=\"(max-width: 645px) 100vw, 645px\" alt=\"\" \/>\n                                  <div class=\"h-image__frame h-hide-lg h-hide-md h-hide-sm style-617-frameImage style-local-1943-c24-frameImage\"><\/div>\n                                <\/div>\n                              <\/a>\n                            <\/div>\n                          <\/div>\n                        <\/div>\n                      <\/div>\n                    <\/div>\n                  <\/div>\n                <\/div>\n              <\/div>\n            <\/div>\n          <\/div>\n          <div class=\"h-column h-column-container d-flex h-col-lg-3 h-col-md-3 h-col-12 style-618-outer style-local-1943-c25-outer\">\n            <div data-colibri-id=\"1943-c25\" class=\"d-flex h-flex-basis h-column__inner h-px-lg-3 h-px-md-3 h-px-2 v-inner-lg-3 v-inner-md-3 v-inner-2 style-618 style-local-1943-c25 position-relative\">\n              <!---->\n              <!---->\n              <div class=\"w-100 h-y-container h-column__content h-column__v-align flex-basis-100 align-self-lg-center align-self-md-center align-self-center\">\n                <!---->\n                <div data-colibri-id=\"1943-c26\" class=\"h-global-transition-all h-heading style-619 style-local-1943-c26 position-relative h-element\">\n                  <!---->\n                  <div class=\"h-heading__outer style-619 style-local-1943-c26\">\n                    <!---->\n                    <!---->\n                    <h1 class=\"\">CONTACTO<\/h1>\n                  <\/div>\n                <\/div>\n                <div data-colibri-id=\"1943-c27\" class=\"icon-list d-flex justify-content-lg-start justify-content-md-start justify-content-start style-620 style-local-1943-c27 position-relative h-element\">\n                  <!---->\n                  <ul class=\"ul-list-icon vertical-on-desktop vertical-on-tablet vertical-on-mobile justify-content-lg-start justify-content-md-start justify-content-start\">\n                    <!---->\n                    <li class=\"list-item no-gutters\">\n                      <!---->\n                      <div class=\"list-container-divider d-flex justify-content-lg-start justify-content-md-start justify-content-start first-el-spacer\"><\/div> <span class=\"item-link no-gutters\"><div class=\"d-flex h-col no-gutters align-items-lg-start align-items-md-start align-items-start list-item-text-wrapper\"><div class=\"d-flex\"><span  class=\"h-svg-icon style-620-icon style-local-1943-c27-icon\"><!--Icon by Font Awesome (https:\/\/fontawesome.com)--><svg version=\"1.1\" xmlns=\"http:\/\/www.w3.org\/2000\/svg\" xmlns:xlink=\"http:\/\/www.w3.org\/1999\/xlink\" id=\"map-marker\" viewBox=\"0 0 1049.8953 1896.0833\"><path d=\"M768 640q0-106-75-181t-181-75-181 75-75 181 75 181 181 75 181-75 75-181zm256 0q0 109-33 179l-364 774q-16 33-47.5 52t-67.5 19-67.5-19-46.5-52L33 819Q0 749 0 640q0-212 150-362t362-150 362 150 150 362z\"><\/path><\/svg><\/span><\/div>\n                <span class=\"list-text d-block\"><span>Parque Tecnol\u00f3gico C\/ Charles R. Darwin, 14 46980 Paterna, Valencia (Spain)<\/span><\/span>\n              <\/div>\n              <\/span>\n              <div class=\"list-container-divider d-flex justify-content-lg-start justify-content-md-start justify-content-start\">\n                <!---->\n              <\/div>\n              <\/li>\n              <li class=\"list-item no-gutters\">\n                <!---->\n                <!----><span class=\"item-link no-gutters\"><div class=\"d-flex h-col no-gutters align-items-lg-start align-items-md-start align-items-start list-item-text-wrapper\"><div class=\"d-flex\"><span  class=\"h-svg-icon style-620-icon style-local-1943-c27-icon\"><!--Icon by Font Awesome (https:\/\/fontawesome.com)--><svg version=\"1.1\" xmlns=\"http:\/\/www.w3.org\/2000\/svg\" xmlns:xlink=\"http:\/\/www.w3.org\/1999\/xlink\" id=\"phone\" viewBox=\"0 0 1408 1896.0833\"><path d=\"M1408 1240q0 27-10 70.5t-21 68.5q-21 50-122 106-94 51-186 51-27 0-53-3.5t-57.5-12.5-47-14.5T856 1485t-49-18q-98-35-175-83-127-79-264-216T152 904q-48-77-83-175-3-9-18-49t-20.5-55.5-14.5-47T3.5 520 0 467q0-92 51-186 56-101 106-122 25-11 68.5-21t70.5-10q14 0 21 3 18 6 53 76 11 19 30 54t35 63.5 31 53.5q3 4 17.5 25t21.5 35.5 7 28.5q0 20-28.5 50t-62 55-62 53-28.5 46q0 9 5 22.5t8.5 20.5 14 24 11.5 19q76 137 174 235t235 174q2 1 19 11.5t24 14 20.5 8.5 22.5 5q18 0 46-28.5t53-62 55-62 50-28.5q14 0 28.5 7t35.5 21.5 25 17.5q25 15 53.5 31t63.5 35 54 30q70 35 76 53 3 7 3 21z\"><\/path><\/svg><\/span><\/div>\n            <span class=\"list-text d-block\"><span>+34 609 644 051<\/span><\/span>\n          <\/div>\n          <\/span>\n          <div class=\"list-container-divider d-flex justify-content-lg-start justify-content-md-start justify-content-start\">\n            <!---->\n          <\/div>\n          <\/li>\n          <li class=\"list-item no-gutters\">\n            <!---->\n            <!----><span target=\"_blank\" class=\"item-link no-gutters\"><div class=\"d-flex h-col no-gutters align-items-lg-start align-items-md-start align-items-start list-item-text-wrapper\"><div class=\"d-flex\"><span  class=\"h-svg-icon style-620-icon style-local-1943-c27-icon\"><!--Icon by Socicon (http:\/\/www.socicon.com)--><svg version=\"1.1\" xmlns=\"http:\/\/www.w3.org\/2000\/svg\" viewBox=\"0 0 1500 1500\">\n\n<path d=\"M799.805 922.852c-14.648 11.719-32.227 20.508-49.805 20.508s-35.156-8.789-49.805-20.508l-700.195-571.289v899.414h1500v-899.414zM750 750c14.648 0 29.297-5.859 41.016-14.648l594.727-486.328h-1271.484l594.727 486.328c11.719 8.789 26.367 14.648 41.016 14.648z\"><\/path>\n<\/svg>\n<\/span><\/div> <span class=\"list-text d-block\"><span>info@ceam.es<\/span><\/span>\n      <\/div>\n      <\/span>\n      <div class=\"list-container-divider d-flex justify-content-lg-start justify-content-md-start justify-content-start\" style=\"display: none;\">\n        <!---->\n      <\/div>\n      <div class=\"list-container-divider d-flex justify-content-lg-start justify-content-md-start justify-content-start last-el-spacer\"><\/div>\n      <\/li>\n      <\/ul>\n    <\/div>\n  <\/div>\n<\/div>\n<\/div>\n<\/div>\n<\/div>\n<\/div>\n<\/div>\n<\/div>","protected":false},"excerpt":{"rendered":"<p>Sub-proYectO 1 Equipo de Qu\u00edmica Atmosf\u00e9rica (EUPHORE) de la Fundaci\u00f3n CEAM Se llevan cabo experimentos de simulaci\u00f3n atmosf\u00e9rica de diferentes escenarios y condiciones modelizadas en las c\u00e1maras de EUPHORE (European Photo-Reactor), comprobando su impacto en condiciones atmosf\u00e9ricas controladas y casi reales. Prestando especial atenci\u00f3n a aquellas sustancias no medidas de forma rutinaria hasta ahora. Por [&hellip;]<\/p>\n","protected":false},"author":1,"featured_media":0,"parent":0,"menu_order":0,"comment_status":"closed","ping_status":"closed","template":"page-templates\/full-width-page.php","meta":[],"_links":{"self":[{"href":"https:\/\/www.capoxproject.org\/index.php\/wp-json\/wp\/v2\/pages\/1943"}],"collection":[{"href":"https:\/\/www.capoxproject.org\/index.php\/wp-json\/wp\/v2\/pages"}],"about":[{"href":"https:\/\/www.capoxproject.org\/index.php\/wp-json\/wp\/v2\/types\/page"}],"author":[{"embeddable":true,"href":"https:\/\/www.capoxproject.org\/index.php\/wp-json\/wp\/v2\/users\/1"}],"replies":[{"embeddable":true,"href":"https:\/\/www.capoxproject.org\/index.php\/wp-json\/wp\/v2\/comments?post=1943"}],"version-history":[{"count":6,"href":"https:\/\/www.capoxproject.org\/index.php\/wp-json\/wp\/v2\/pages\/1943\/revisions"}],"predecessor-version":[{"id":2519,"href":"https:\/\/www.capoxproject.org\/index.php\/wp-json\/wp\/v2\/pages\/1943\/revisions\/2519"}],"wp:attachment":[{"href":"https:\/\/www.capoxproject.org\/index.php\/wp-json\/wp\/v2\/media?parent=1943"}],"curies":[{"name":"wp","href":"https:\/\/api.w.org\/{rel}","templated":true}]}}